{"id":3,"date":"2025-09-25T20:53:14","date_gmt":"2025-09-25T20:53:14","guid":{"rendered":"https:\/\/cybershade.xyz\/?page_id=3"},"modified":"2025-09-26T16:19:46","modified_gmt":"2025-09-26T16:19:46","slug":"privacy-policy","status":"publish","type":"page","link":"https:\/\/cybershade.xyz\/?page_id=3","title":{"rendered":"Privacy Policy"},"content":{"rendered":"\n<div class=\"wp-block-group is-layout-constrained wp-block-group-is-layout-constrained\">\n<p>Elbette, verdi\u011finiz metni T\u00fcrk\u00e7e&#8217;ye \u00e7evirdim. Bu metin, <strong>cybershade.xyz<\/strong> web sitesinin gizlilik politikas\u0131n\u0131n bir tasla\u011f\u0131 gibi g\u00f6r\u00fcn\u00fcyor.<\/p>\n\n\n\n<hr class=\"wp-block-separator has-alpha-channel-opacity\"\/>\n\n\n\n<h2 class=\"wp-block-heading\">Gizlilik Politikas\u0131 (\u00c7eviri)<\/h2>\n\n\n\n<h3 class=\"wp-block-heading\">Kim Oldu\u011fumuz<\/h3>\n\n\n\n<p>Web sitemizin adresi: <strong><a target=\"_blank\" rel=\"noreferrer noopener\" href=\"https:\/\/cybershade.xyz\">https:\/\/cybershade.xyz<\/a><\/strong>.<\/p>\n\n\n\n<h3 class=\"wp-block-heading\">Yorumlar<\/h3>\n\n\n\n<p>Ziyaret\u00e7iler sitede <strong>yorum b\u0131rakt\u0131\u011f\u0131nda<\/strong>, spam tespitine yard\u0131mc\u0131 olmak i\u00e7in yorum formunda g\u00f6sterilen verileri, ziyaret\u00e7inin <strong>IP adresini<\/strong> ve taray\u0131c\u0131 kullan\u0131c\u0131 arac\u0131s\u0131 dizesini (browser user agent string) toplar\u0131z.<\/p>\n\n\n\n<p>E-posta adresinizden olu\u015fturulmu\u015f anonimle\u015ftirilmi\u015f bir dize (hash olarak da adland\u0131r\u0131l\u0131r), Gravatar hizmetine sa\u011flanabilir. Gravatar hizmeti gizlilik politikas\u0131 \u015fu adreste mevcuttur: <a target=\"_blank\" rel=\"noreferrer noopener\" href=\"https:\/\/automattic.com\/privacy\/\">https:\/\/automattic.com\/privacy\/<\/a>. Yorumunuzun onaylanmas\u0131n\u0131n ard\u0131ndan, <strong>profil resminiz<\/strong> yorumunuz ba\u011flam\u0131nda herkese a\u00e7\u0131k olarak g\u00f6r\u00fcn\u00fcr.<\/p>\n\n\n\n<h3 class=\"wp-block-heading\">Medya<\/h3>\n\n\n\n<p>Web sitesine <strong>g\u00f6rsel y\u00fcklerseniz<\/strong>, g\u00f6m\u00fcl\u00fc konum verileri (EXIF GPS) i\u00e7eren g\u00f6rselleri y\u00fcklemekten ka\u00e7\u0131nmal\u0131s\u0131n\u0131z. Web sitesinin ziyaret\u00e7ileri, sitedeki g\u00f6rsellerden herhangi bir konum verisini indirebilir ve \u00e7\u0131karabilir.<\/p>\n\n\n\n<h3 class=\"wp-block-heading\">\u00c7erezler (Cookies)<\/h3>\n\n\n\n<p>Sitemize bir <strong>yorum b\u0131rak\u0131rsan\u0131z<\/strong>, ad\u0131n\u0131z\u0131, e-posta adresinizi ve web sitenizi <strong>\u00e7erezlere kaydetmeyi<\/strong> tercih edebilirsiniz. Bunlar, bir daha yorum b\u0131rakt\u0131\u011f\u0131n\u0131zda bilgilerinizi tekrar doldurmak zorunda kalmaman\u0131z i\u00e7in size kolayl\u0131k sa\u011flar. Bu \u00e7erezler <strong>bir y\u0131l<\/strong> s\u00fcrer.<\/p>\n\n\n\n<p>Giri\u015f sayfam\u0131z\u0131 ziyaret ederseniz, taray\u0131c\u0131n\u0131z\u0131n \u00e7erezleri kabul edip etmedi\u011fini belirlemek i\u00e7in ge\u00e7ici bir \u00e7erez ayarlar\u0131z. Bu \u00e7erez <strong>ki\u015fisel veri i\u00e7ermez<\/strong> ve taray\u0131c\u0131n\u0131z\u0131 kapatt\u0131\u011f\u0131n\u0131zda at\u0131l\u0131r.<sup><\/sup><\/p>\n\n\n\n<p>Giri\u015f yapt\u0131\u011f\u0131n\u0131<sup><\/sup>zda, giri\u015f bilgilerinizi ve ekran g\u00f6r\u00fcnt\u00fcleme se\u00e7eneklerinizi kaydetmek i\u00e7in de birka\u00e7 \u00e7erez ayarlar\u0131z. Giri\u015f \u00e7erezleri <strong>iki g\u00fcn<\/strong>, ekran se\u00e7enekleri \u00e7erezleri ise <strong>bir y\u0131l<\/strong> s\u00fcrer. &#8220;Beni Hat\u0131rla&#8221;y\u0131 se\u00e7erseniz, giri\u015finiz iki hafta boyunca devam eder. Hesab\u0131n\u0131zdan \u00e7\u0131k\u0131\u015f yaparsan\u0131z, giri\u015f \u00e7erezleri kald\u0131r\u0131l\u0131r.<\/p>\n\n\n\n<p>Bir makaleyi d\u00fczenler veya yay\u0131nlarsan\u0131z, taray\u0131c\u0131n\u0131za ek bir \u00e7erez kaydedilir. Bu \u00e7erez ki\u015fisel veri i\u00e7ermez ve yaln\u0131zca d\u00fczenledi\u011finiz makalenin g\u00f6nderi kimli\u011fini belirtir. Bu \u00e7erez <strong>1 g\u00fcn sonra<\/strong> sona erer.<\/p>\n\n\n\n<h3 class=\"wp-block-heading\">Di\u011fer Web Sitelerinden G\u00f6m\u00fcl\u00fc \u0130\u00e7erik<\/h3>\n\n\n\n<p>Bu sitedeki makaleler, <strong>g\u00f6m\u00fcl\u00fc i\u00e7erikler<\/strong> (\u00f6rne\u011fin videolar, g\u00f6rseller, makaleler vb.) i\u00e7erebilir. Di\u011fer web sitelerinden g\u00f6m\u00fcl\u00fc i\u00e7erik, ziyaret\u00e7inin di\u011fer web sitesini ziyaret etmi\u015f gibi tam olarak ayn\u0131 \u015fekilde davran\u0131r.<\/p>\n\n\n\n<p>Bu web siteleri sizin hakk\u0131n\u0131zda veri toplayabilir, \u00e7erez kullanabilir, ek \u00fc\u00e7\u00fcnc\u00fc taraf takibini g\u00f6mebilir ve o g\u00f6m\u00fcl\u00fc i\u00e7erikle olan etkile\u015fiminizi izleyebilir; buna, ilgili web sitesinde bir hesab\u0131n\u0131z varsa ve giri\u015f yapt\u0131ysan\u0131z g\u00f6m\u00fcl\u00fc i\u00e7erikle olan etkile\u015fiminizin takibi de dahildir.<\/p>\n\n\n\n<h3 class=\"wp-block-heading\">Verilerinizi Kimlerle Payla\u015f\u0131yoruz<\/h3>\n\n\n\n<p>Bir <strong>\u015fifre s\u0131f\u0131rlama<\/strong> talep ederseniz, <strong>IP adresiniz<\/strong> s\u0131f\u0131rlama e-postas\u0131na dahil edilecektir.<\/p>\n\n\n\n<h3 class=\"wp-block-heading\">Verilerinizi Ne Kadar S\u00fcre Sakl\u0131yoruz<\/h3>\n\n\n\n<p>Bir <strong>yorum b\u0131rak\u0131rsan\u0131z<\/strong>, yorum ve meta verileri <strong>s\u00fcresiz olarak<\/strong> saklan\u0131r. Bu, takip eden yorumlar\u0131 bir denetleme kuyru\u011funda tutmak yerine otomatik olarak tan\u0131y\u0131p onaylayabilmemiz i\u00e7indir.<sup><\/sup><\/p>\n\n\n\n<p>Web sitemize kaydolan kullan\u0131c\u0131lar i\u00e7in (varsa<sup><\/sup>), kullan\u0131c\u0131 profillerinde sa\u011flad\u0131klar\u0131 ki\u015fisel bilgileri de saklar\u0131z. T\u00fcm kullan\u0131c\u0131lar ki\u015fisel bilgilerini istedikleri zaman g\u00f6rebilir, d\u00fczenleyebilir veya silebilir (kullan\u0131c\u0131 adlar\u0131n\u0131 de\u011fi\u015ftiremezler). Web sitesi y\u00f6neticileri de bu bilgileri g\u00f6rebilir ve d\u00fczenleyebilir.<\/p>\n\n\n\n<h3 class=\"wp-block-heading\">Verileriniz \u00dczerindeki Haklar\u0131n\u0131z Nelerdir<\/h3>\n\n\n\n<p>Bu sitede bir hesab\u0131n\u0131z varsa veya yorum b\u0131rakt\u0131ysan\u0131z, bize sa\u011flad\u0131\u011f\u0131n\u0131z veriler dahil olmak \u00fczere, hakk\u0131n\u0131zda tuttu\u011fumuz ki\u015fisel verilerin <strong>d\u0131\u015fa aktar\u0131lm\u0131\u015f bir dosyas\u0131n\u0131<\/strong> talep edebilirsiniz. Ayr\u0131ca, hakk\u0131n\u0131zda tuttu\u011fumuz herhangi bir ki\u015fisel verinin <strong>silinmesini<\/strong> de talep edebilirsiniz. Bu, idari, yasal veya g\u00fcvenlik ama\u00e7lar\u0131 i\u00e7in saklamak zorunda oldu\u011fumuz verileri i\u00e7ermez.<\/p>\n\n\n\n<h3 class=\"wp-block-heading\">Verileriniz Nereye G\u00f6nderilir<\/h3>\n\n\n\n<p>Ziyaret\u00e7i yorumlar\u0131, <strong>otomatik bir spam tespit hizmeti<\/strong> arac\u0131l\u0131\u011f\u0131yla kontrol edilebilir.<\/p>\n<\/div>\n","protected":false},"excerpt":{"rendered":"<p>Elbette, verdi\u011finiz metni T\u00fcrk\u00e7e&#8217;ye \u00e7evirdim. Bu metin, cybershade.xyz web sitesinin gizlilik politikas\u0131n\u0131n bir tasla\u011f\u0131 gibi g\u00f6r\u00fcn\u00fcyor. Gizlilik Politikas\u0131 (\u00c7eviri) Kim Oldu\u011fumuz Web sitemizin adresi: https:\/\/cybershade.xyz. Yorumlar Ziyaret\u00e7iler sitede yorum b\u0131rakt\u0131\u011f\u0131nda, spam tespitine yard\u0131mc\u0131 olmak i\u00e7in yorum formunda g\u00f6sterilen verileri, ziyaret\u00e7inin IP adresini ve taray\u0131c\u0131 kullan\u0131c\u0131 arac\u0131s\u0131 dizesini (browser user agent string) toplar\u0131z. E-posta adresinizden olu\u015fturulmu\u015f [&hellip;]<\/p>\n","protected":false},"author":1,"featured_media":0,"parent":0,"menu_order":0,"comment_status":"closed","ping_status":"open","template":"","meta":{"footnotes":""},"class_list":["post-3","page","type-page","status-publish","hentry"],"_links":{"self":[{"href":"https:\/\/cybershade.xyz\/index.php?rest_route=\/wp\/v2\/pages\/3","targetHints":{"allow":["GET"]}}],"collection":[{"href":"https:\/\/cybershade.xyz\/index.php?rest_route=\/wp\/v2\/pages"}],"about":[{"href":"https:\/\/cybershade.xyz\/index.php?rest_route=\/wp\/v2\/types\/page"}],"author":[{"embeddable":true,"href":"https:\/\/cybershade.xyz\/index.php?rest_route=\/wp\/v2\/users\/1"}],"replies":[{"embeddable":true,"href":"https:\/\/cybershade.xyz\/index.php?rest_route=%2Fwp%2Fv2%2Fcomments&post=3"}],"version-history":[{"count":1,"href":"https:\/\/cybershade.xyz\/index.php?rest_route=\/wp\/v2\/pages\/3\/revisions"}],"predecessor-version":[{"id":16,"href":"https:\/\/cybershade.xyz\/index.php?rest_route=\/wp\/v2\/pages\/3\/revisions\/16"}],"wp:attachment":[{"href":"https:\/\/cybershade.xyz\/index.php?rest_route=%2Fwp%2Fv2%2Fmedia&parent=3"}],"curies":[{"name":"wp","href":"https:\/\/api.w.org\/{rel}","templated":true}]}}